{"id":92,"date":"2019-03-06T16:53:33","date_gmt":"2019-03-06T16:53:33","guid":{"rendered":"http:\/\/wp.gottfried-kirch-edition.de\/?page_id=92"},"modified":"2019-03-13T11:51:11","modified_gmt":"2019-03-13T11:51:11","slug":"verlag-hkd","status":"publish","type":"page","link":"https:\/\/gottfried-kirch-edition.de\/?page_id=92","title":{"rendered":"Verlag HKD"},"content":{"rendered":"\n<p style=\"text-align:center\">Verlag H<sub>istorische<\/sub>&nbsp;K<sub>alender<\/sub>&nbsp;D<sub>rucke<\/sub><\/p>\n\n\n\n<p style=\"text-align:center\">Inhaber:<br>\nDr. Klaus-Dieter Herbst<\/p>\n\n\n\n<p style=\"text-align:center\">Postanschrift:<br>\nD-07749 Jena, Br\u00e4ndstr\u00f6mstr. 17<\/p>\n\n\n\n<p style=\"text-align:center\">Email:<br>\nklaus-dieter-herbst(at)t-online.de<\/p>\n\n\n\n<p style=\"text-align:center\">Telefon:<br>\n03641-384157<\/p>\n\n\n\n<p>Die B\u00fccher (<a href=\"https:\/\/gottfried-kirch-edition.de\/?page_id=88\" target=\"_blank\" rel=\"noreferrer noopener\" aria-label=\" (\u00f6ffnet in neuem Tab)\">Forschungsberichte<\/a>, <a rel=\"noreferrer noopener\" aria-label=\" (\u00f6ffnet in neuem Tab)\" href=\"https:\/\/gottfried-kirch-edition.de\/?page_id=86\" target=\"_blank\">Kalenderreihen<\/a>) werden direkt vom Verlag (Postanschrift) an den Besteller verschickt.<\/p>\n","protected":false},"excerpt":{"rendered":"<p>Verlag Historische&nbsp;Kalender&nbsp;Drucke Inhaber: Dr. Klaus-Dieter Herbst Postanschrift: D-07749 Jena, Br\u00e4ndstr\u00f6mstr. 17 Email: klaus-dieter-herbst(at)t-online.de Telefon: 03641-384157 Die B\u00fccher (Forschungsberichte, Kalenderreihen) werden direkt vom Verlag (Postanschrift) an den Besteller verschickt.<\/p>\n","protected":false},"author":2,"featured_media":0,"parent":0,"menu_order":0,"comment_status":"closed","ping_status":"closed","template":"","meta":{"footnotes":""},"class_list":["post-92","page","type-page","status-publish","hentry"],"_links":{"self":[{"href":"https:\/\/gottfried-kirch-edition.de\/index.php?rest_route=\/wp\/v2\/pages\/92","targetHints":{"allow":["GET"]}}],"collection":[{"href":"https:\/\/gottfried-kirch-edition.de\/index.php?rest_route=\/wp\/v2\/pages"}],"about":[{"href":"https:\/\/gottfried-kirch-edition.de\/index.php?rest_route=\/wp\/v2\/types\/page"}],"author":[{"embeddable":true,"href":"https:\/\/gottfried-kirch-edition.de\/index.php?rest_route=\/wp\/v2\/users\/2"}],"replies":[{"embeddable":true,"href":"https:\/\/gottfried-kirch-edition.de\/index.php?rest_route=%2Fwp%2Fv2%2Fcomments&post=92"}],"version-history":[{"count":3,"href":"https:\/\/gottfried-kirch-edition.de\/index.php?rest_route=\/wp\/v2\/pages\/92\/revisions"}],"predecessor-version":[{"id":175,"href":"https:\/\/gottfried-kirch-edition.de\/index.php?rest_route=\/wp\/v2\/pages\/92\/revisions\/175"}],"wp:attachment":[{"href":"https:\/\/gottfried-kirch-edition.de\/index.php?rest_route=%2Fwp%2Fv2%2Fmedia&parent=92"}],"curies":[{"name":"wp","href":"https:\/\/api.w.org\/{rel}","templated":true}]}}