{"id":69,"date":"2019-03-06T16:42:27","date_gmt":"2019-03-06T16:42:27","guid":{"rendered":"http:\/\/wp.gottfried-kirch-edition.de\/?page_id=69"},"modified":"2019-03-06T16:42:28","modified_gmt":"2019-03-06T16:42:28","slug":"archive-und-bibliotheken","status":"publish","type":"page","link":"https:\/\/gottfried-kirch-edition.de\/?page_id=69","title":{"rendered":"Archive und Bibliotheken"},"content":{"rendered":"\n<p>Angegeben werden die Briefnummern,  unter denen ein Schreiben aus der jeweiligen Einrichtung in der Edition  der Korrespondenz von Gottfried Kirch verzeichnet ist. Ein hinter die  Briefnummer gesetztes L kennzeichnet ein lateinisches Schreiben. Die  \u00dcbersetzung wird im dritten Band geliefert.<\/p>\n\n\n\n<p><strong>UB Basel<\/strong><br>\nUniversit\u00e4tsbibliothek Basel<br>\nSch\u00f6nbeinstr. 18-20, CH-4056 Basel<\/p>\n\n\n\n<p>261 Reinschriften: 20, 30, 31, 33, 35, \n44, 49, 51, 56L, 61, 63, 64, 68, 71, 74, 76, 80, 84, 85, 88, 90, 95, 97,\n 103, 106, 107, 108, 111, 115, 116, 119, 122, 126, 127, 129, 132, 134, \n140L, 141, 146, 148, 149, 150, 151, 158, 161, 168, 173, 180, 181, 182, \n185, 193L, 194, 196, 203, 208, 210, 211, 212L, 213, 215, 217L, 221, 226,\n 230, 233, 234, 235, 241L, 245, 246, 248, 249, 250, 251L, 261, 271, 277,\n 278, 279L, 280, 281, 283, 284, 286, 291,, 296, 298, 305, 310, 311L, \n312, 314, 318, 321, 322L, 329, 333, 334L, 338, 340L, 349, 353L, 358, \n363L, 371, 372, 373, 374L, 375, 377, 388, 389, 390, 395, 401, 413L, 418,\n 419, 431, 432, 433, 438, 440, 450, 455, 457,466, 471, 487, 488, 494, \n505, 506, 511, 512, 513, 518, 519, 520, 524, 525L, 526, 529, 531, 532, \n533L, 542, 546, 550, 551, 555, 557, 559, 560, 562, 564, 569, 570, 573, \n576, 578, 581, 582, 583, 589, 593, 594, 598, 602, 604, 606, 608, 618, \n624, 627, 629, 643, 644, 646, 657, 659, 661, 664, 665, 666, 667, 668, \n674, 675, 678, 681, 682, 685, 686, 688, 690, 696, 697, 698, 700, 705, \n710, 711, 712, 718, 719, 721, 722, 725, 726, 727, 731, 733, 736, 740, \n745, 746, 747, 748, 752, 755, 758, 759, 761, 764, 765, 766, 771, 778, \n780, 781, 783, 785, 792, 794, 798, 811, 812, 813, 815, 816, 823, 825, \n830, 837, 839, 841, 849, 850, 853, 861, 874, 878, 882, 884, 886, 888<\/p>\n\n\n\n<p>87 Konzepte: 75, 81, 87, 109L, 112, 125,\n 128, 133, 136, 144, 145, 159, 164, 177, 184, 187, 191, 195, 198, 201, \n202, 207, 209, 218, 219, 220, 224, 227, 228, 238, 239, 247L, 254, 275, \n282, 285, 289, 293, 294, 303, 306, 314, 319, 320, 331, 336L, 343, 356, \n357, 364, 366, 370L, 383, 384, 385, 387, 391, 392, 404, 405, 409L, 412, \n443, 448, 452, 454, 460, 461, 462, 463, 464, 468, 493, 500, 503, 543, \n547, 579, 751, 800, 827, 831, 844, 845, 848, 857, 865<\/p>\n\n\n\n<p>3 Abschriften: 164, 182, 437<\/p>\n\n\n\n<p>2 Fragmente: 439, 650<\/p>\n\n\n\n<p>3 Extrakte: 678, 715, 716<\/p>\n\n\n\n<p>2 Notizen: 756, 832<\/p>\n\n\n\n<p>24 Beilagen: 134L, 148L, 181L, 195, 196,\n 213, 224, 284, 286, 353L, 363L, 366, 413L, 416, 511, 569, 570, 585, \n598, 602, 644, 646, 789, 865<\/p>\n\n\n\n<p><strong>BBAW Berlin<\/strong><br>\nBerlin-Brandenburgische Akademie der Wissenschaften<br>\nAkademiearchiv, J\u00e4gerstr. 22\/23, D-10117 Berlin<\/p>\n\n\n\n<p>1 Konzept: 858<\/p>\n\n\n\n<p>6 Abschriften: 172, 570, 631, 692, 754, 769<\/p>\n\n\n\n<p>4 Extrakte: 77, 691, 694, 855<\/p>\n\n\n\n<p>3 Beilagen: 172, 175, 731<\/p>\n\n\n\n<p><strong>UB Cambridge<\/strong><br>\nCambridge University Library, Department of Manuscripts and University Archives<br>\nWest Road, UK-Cambridge CB3 9DR<\/p>\n\n\n\n<p>1 Konzept: 411L<\/p>\n\n\n\n<p>5 Abschriften: 324L, 335L, 367L, 399L, 489L<\/p>\n\n\n\n<p><strong>FB Gotha<\/strong><br>\nUniversit\u00e4ts- und Forschungsbibliothek Erfurt\/Gotha, Forschungsbibliothek Gotha<br>\nSchlo\u00df Friedenstein, Postfach 30, D-99851 Gotha<\/p>\n\n\n\n<p>4 Reinschriften: 53, 99, 100, 139<\/p>\n\n\n\n<p>21 Konzepte: 45, 47, 66, 82, 101, 114, 117, 135, 143, 155, 160, 186, 216, 222, 236, 253, 256, 266, 267, 276, 361<\/p>\n\n\n\n<p>3 Notizen: 46, 169, 170<\/p>\n\n\n\n<p>1 Beilage: 139L<\/p>\n\n\n\n<p><strong>UB G\u00f6ttingen<\/strong><br>\nNieders\u00e4chsische Staats- und Universit\u00e4tsbibliothek G\u00f6ttingen<br>\nPlatz der G\u00f6ttinger Sieben 1, D-37073 G\u00f6ttingen<\/p>\n\n\n\n<p>2 Abschriften: 691, 692<\/p>\n\n\n\n<p>3 Extrakte: 652, 653, 694<\/p>\n\n\n\n<p><strong>FS Halle<\/strong><br>\nArchiv der Franckeschen Stiftungen<br>\nFranckeplatz 1 Haus 37, D-06110 Halle<\/p>\n\n\n\n<p>1 Reinschrift: 502<\/p>\n\n\n\n<p><strong>GWLB Hannover<\/strong><br>\nGottfried-Wilhelm-Leibniz Bibliothek, Leibniz-Archiv<br>\nWaterloostr. 8, D-30169 Hannover<\/p>\n\n\n\n<p>13 Reinschriften: 797, 814, 818, 820, 822, 851, 867, 870, 871, 873, 876, 881, 891<\/p>\n\n\n\n<p>4 Beilagen: 754, 870L, 871, 891<\/p>\n\n\n\n<p><strong>UB Jena<\/strong><br>\nTh\u00fcringer Universit\u00e4ts- und Landesbibliothek Jena<br>\nBibliotheksplatz 2, D-07743 Jena<\/p>\n\n\n\n<p>7 Abschriften: 320, 384, 394, 461, 499, 538, 636<\/p>\n\n\n\n<p><strong>UA Leipzig<\/strong><br>\nUniversit\u00e4tsarchiv Leipzig<br>\nOststr. 40\/42, D-04317 Leipzig<\/p>\n\n\n\n<p>1 Abschrift: 470<\/p>\n\n\n\n<p><strong>UB Leipzig<\/strong><br>\nUniversit\u00e4tsbibliothek Leipzig<br>\nBeethovenstr. 6, D-04107 Leipzig<\/p>\n\n\n\n<p>99 Reinschriften: 1, 2, 7, 14, 16, 18, \n23, 24, 25L, 29, 37, 39, 42, 57, 59, 73, 78, 92, 98, 104, 124, 130, 153,\n 156, 162, 165, 166L, 171, 188, 242, 257, 258, 262, 263, 264, 265, 268, \n292, 304, 324L, 325, 345, 352, 359, 360, 362, 376, 386, 396, 398, 414, \n417, 420L, 421, 422, 425L, 436L, 441, 449L, 467, 472, 475, 479, 480, \n483, 490, 497, 498, 499, 501L, 507, 514L, 515, 527, 528, 534, 536, 540, \n545L, 552L, 553, 566, 568, 577, 579, 609, 621, 628, 634, 639, 641, 677, \n683, 684, 689, 693, 702, 708, 709<\/p>\n\n\n\n<p>13 Konzepte: 55L, 247L, 307, 308L, 335L, 348, 407, 426, 442, 491L, 510, 537L, 539<\/p>\n\n\n\n<p>3 Abschriften: 397L, 468L, 486<\/p>\n\n\n\n<p>1 Notiz: 638<\/p>\n\n\n\n<p>23 Beilagen: 14, 124L, 130L, 144, 162, \n188, 215L, 226L, 233L, 235, 264, 360L, 414L, 421L, 425L, 490, 495, 534, \n585, 708L, 709, 713, 714L<\/p>\n\n\n\n<p><strong>BN Paris<\/strong><br>\nBiblioth\u00e8que nationale de France, D\u00e9partement des Manuscrits<br>\n58 rue de Richelieu, F-75084 Paris<\/p>\n\n\n\n<p>1 Reinschrift: 411L<\/p>\n\n\n\n<p>19 Abschriften: 41, 45, 47, 52, 82, 98, 101, 114, 117, 135, 139, 143, 155, 160, 165, 186, 216, 236, 253<\/p>\n\n\n\n<p><strong>BO Paris<\/strong><br>\nBiblioth\u00e8que de l\u0092Observatoire de Paris<br>\n61 avenue de l\u0092Observatoire, F-75014 Paris<\/p>\n\n\n\n<p>82 Reinschriften: 41, 45, 47, 52, 82, \n93L, 101, 113L, 114, 117, 135, 138L, 143, 155, 160, 167, 174L, 179, 186,\n 197, 205L, 216, 232, 236, 237L, 253, 256, 259L, 266, 267, 276, 313, \n317L, 326L, 330, 344L, 354L, 367L, 379, 394, 399L, 400L, 402L, 408L, \n423L, 430L, 445L, 456L, 458L, 459, 489L, 504L, 516L, 548, 565L, 586, \n588, 593 (PS.), 595, 647, 670, 742, 750, 753L, 773, 786, 791, 793L, 795,\n 801, 810, 829, 836, 842L, 859L, 862, 863, 889, 890L, 893, 895<\/p>\n\n\n\n<p>3 Konzepte: 165, 754, 892<\/p>\n\n\n\n<p>6 Abschriften: 94, 96, 98, 139, 800, 808<\/p>\n\n\n\n<p>23 Beilagen: 45, 47, 111L, 256, 267, \n313, 317L, 330, 344L, 354L, 367L, 379L, 394L, 402L, 408L, 423L, 489L, \n586L, 618, 627, 786L, 793L, 862L<\/p>\n\n\n\n<p><strong> RNB St. Petersburg<\/strong><br>\nRussische Nationalbibliothek, National Library of Russia, Foreign Section<br>\nSadovaia ul. 18, Ru-191069 St. Petersburg<\/p>\n\n\n\n<p>6 Reinschriften: 320, 336L, 370L, 384, 404, 461<\/p>\n\n\n\n<p>9 Konzepte: 317L, 326L, 344L, 354L, 379, 394, 402L, 423L, 499<\/p>\n\n\n\n<p>2 Abschriften: 538, 636<\/p>\n\n\n\n<p><strong>BJG Templin<\/strong><br>\nBibliothek des Joachimsthalschen Gymnasiums Templin<br>\n(existiert nicht mehr, Kriegsverlust)<\/p>\n\n\n\n<p>11 Drucke: 775, 796, 799, 803, 819, 821, 866, 868, 869, 875, 885<\/p>\n\n\n\n<p><strong>UB Wroclaw<\/strong><br>\nBiblioteka Uniwersytecka Wroclawski<br>\nul. K. Szajnochy 10, Pl-50-076<\/p>\n\n\n\n<p>1 Reinschrift: 192<\/p>\n\n\n\n<p><strong>Nur als Druck \u00fcberliefert<br>\n<\/strong>Einige Briefe sind nur in von Kirch herausgegebenen Kalendern auf unsere Zeit gekommen.<\/p>\n\n\n\n<p>5 Drucke: 444L, 446, 447, 465, 806<\/p>\n","protected":false},"excerpt":{"rendered":"<p>Angegeben werden die Briefnummern, unter denen ein Schreiben aus der jeweiligen Einrichtung in der Edition der Korrespondenz von Gottfried Kirch verzeichnet ist. Ein hinter die Briefnummer gesetztes L kennzeichnet ein lateinisches Schreiben. Die \u00dcbersetzung wird im dritten Band geliefert. UB Basel Universit\u00e4tsbibliothek Basel Sch\u00f6nbeinstr. 18-20, CH-4056 Basel 261 Reinschriften: 20, 30, 31, 33, 35, 44,&#8230;<\/p>\n","protected":false},"author":2,"featured_media":0,"parent":0,"menu_order":0,"comment_status":"closed","ping_status":"closed","template":"","meta":{"footnotes":""},"class_list":["post-69","page","type-page","status-publish","hentry"],"_links":{"self":[{"href":"https:\/\/gottfried-kirch-edition.de\/index.php?rest_route=\/wp\/v2\/pages\/69","targetHints":{"allow":["GET"]}}],"collection":[{"href":"https:\/\/gottfried-kirch-edition.de\/index.php?rest_route=\/wp\/v2\/pages"}],"about":[{"href":"https:\/\/gottfried-kirch-edition.de\/index.php?rest_route=\/wp\/v2\/types\/page"}],"author":[{"embeddable":true,"href":"https:\/\/gottfried-kirch-edition.de\/index.php?rest_route=\/wp\/v2\/users\/2"}],"replies":[{"embeddable":true,"href":"https:\/\/gottfried-kirch-edition.de\/index.php?rest_route=%2Fwp%2Fv2%2Fcomments&post=69"}],"version-history":[{"count":1,"href":"https:\/\/gottfried-kirch-edition.de\/index.php?rest_route=\/wp\/v2\/pages\/69\/revisions"}],"predecessor-version":[{"id":70,"href":"https:\/\/gottfried-kirch-edition.de\/index.php?rest_route=\/wp\/v2\/pages\/69\/revisions\/70"}],"wp:attachment":[{"href":"https:\/\/gottfried-kirch-edition.de\/index.php?rest_route=%2Fwp%2Fv2%2Fmedia&parent=69"}],"curies":[{"name":"wp","href":"https:\/\/api.w.org\/{rel}","templated":true}]}}