{"id":54,"date":"2019-03-06T16:29:26","date_gmt":"2019-03-06T16:29:26","guid":{"rendered":"http:\/\/wp.gottfried-kirch-edition.de\/?page_id=54"},"modified":"2023-04-21T11:58:51","modified_gmt":"2023-04-21T11:58:51","slug":"familie","status":"publish","type":"page","link":"https:\/\/gottfried-kirch-edition.de\/?page_id=54","title":{"rendered":"Familie"},"content":{"rendered":"\n<p>Die entscheidenden Quellen f\u00fcr die hier genannten Namen und Zeiten sind die 2006 ver\u00f6ffentlichte <a href=\"http:\/\/wp.gottfried-kirch-edition.de\/?page_id=65\">Korrespondenz von Gottfried Kirch<\/a>,  die Kirchenb\u00fccher in Seubtendorf, Lobenstein, Leipzig, Guben und Berlin, die  tagebuchartigen Eintr\u00e4ge von Gottfried Kirch in dem von ihm benutzten  Ephemeridenwerk und in einem Schreibkalender f\u00fcr 1673 (diese Notizen  sind ver\u00f6ffentlicht in <a href=\"https:\/\/gottfried-kirch-edition.de\/?page_id=86\">Band 1.4<\/a> der Kalenderreihen) sowie in seinem ab 1677 gef\u00fchrten Beobachtungsjournal (\u00fcberliefert und eingesehen in Paris), und das von 1697 bis 1774 gef\u00fchrte Wettertagebuch mit privaten Notizen (\u00fcberliefert in Edinburgh).<br>Vgl. jetzt: <br>Klaus-Dieter Herbst: Gottfried Kirch (1639\u20131710) \u2013 Astronom, Kalendermacher, Pietist, Fr\u00fchaufkl\u00e4rer. Jena 2022 (<a href=\"https:\/\/gottfried-kirch-edition.de\/?page_id=88\" data-type=\"URL\" data-id=\"https:\/\/gottfried-kirch-edition.de\/?page_id=88\">Band 10 <\/a>der Forschungsberichte).<br>Klaus-Dieter Herbst: Die Astronomin und Astrologin Maria Margaretha Kirch, geb. Winckelmann. In: Wolfgang R. Dick und J\u00fcrgen Hamel (Hrsg.): Beitr\u00e4ge zur Astronomiege\u00adschichte, Bd. 15. Leipzig 2022 (= Acta Historica Astronomiae, Vol. 69), S. 191\u2013241.<\/p>\n\n\n\n<p>Letzte \u00c4nderungen:<br>betrifft Johanna, das genaue Taufdatum (ge\u00e4ndert am 19.8.2020)<br>betrifft Gottlieb, den vierten Sohn und Margaretha (ge\u00e4ndert am 22.4.2020)<br>betrifft Johanna (Vorname nicht Dorothea Johanna) (ge\u00e4ndert am 21.4.2020)<br>betrifft Theodora, Christina und Margaretha (ge\u00e4ndert am 3.4.2020)<br>betrifft J. G. Gading, den Ehemann von Theodora (ge\u00e4ndert am 29.3.2020)<br>betrifft Maria und Sophia (ge\u00e4ndert am 26.3.2020)<br>betrifft Theodora und Ort der Heirat 1692 (ge\u00e4ndert am 25.3.2020)<br>betrifft Theodora (ge\u00e4ndert am 22.3.2020)<br>betrifft Heilmann, Dorothea Johanna und Margaretha Kirch (ge\u00e4ndert am 21.3.2020)<br>betrifft Heilmann (ge\u00e4ndert am 5.2.2020)<br>betrifft Sophie (ge\u00e4ndert am 3.6.2019)<br>betrifft Christina (ge\u00e4ndert am 26.4.2019) <br>betrifft die Reihenfolge der S\u00f6hne N.N. und Ehrenfried (ge\u00e4ndert am 19.3.2014)<br>betrifft Literatur zu Christina (ge\u00e4ndert am 13.12.2008)<br>betrifft&nbsp;den Vornamen Sara Elisabeth Winckelmann&nbsp;(ge\u00e4ndert am 20.3.2006)<br>betrifft die Angaben zu Ehrenfried und Guthmann (ge\u00e4ndert am 9. 9. 2005)<\/p>\n\n\n\n<h4 class=\"wp-block-heading\">Gottfried Kirch und&nbsp;<strong>Maria Lang<\/strong><\/h4>\n\n\n\n<p>Maria Lang stammt aus Langgr\u00fcn\/Vogtland.  Das Geburtsdatum ist nicht bekannt. Ihr Vater war Nicolaus Lang, ein Schulmeister im Vogtland. Sie hatte  mindestens einen Bruder.<\/p>\n\n\n\n<p>Heirat: 18.\/28. 6. 1667 in Langgr\u00fcn\/Vogtland<\/p>\n\n\n\n<p>Kinder:<\/p>\n\n\n\n<p><strong>erster Sohn<\/strong>, 1.\/11. 6. 1668 Langgr\u00fcn, Totgeburt<\/p>\n\n\n\n<p><strong>Gottlieb<\/strong>, getauft 16.\/26.7.1669 Lobenstein \u2013 1697 (?) Rom (?)<br> 1687 Matrikel Universit\u00e4t Leipzig<br> 1688 Baccalaureus Artium Universit\u00e4t Leipzig<br> 1692 Matrikel Universit\u00e4t Halle<br> letzte Lebenszeichen sind ein Brief an E. W. v. Tschirnhaus aus Mailand (1697)<br> und eine Nachricht aus Rom (\u0084ist auf dem Weg ins Gelobte Land\u0093, 1697)<br> er ist als Pietist aktenkundig geworden (Leipziger Gerichtsprotokoll, 1692)<\/p>\n\n\n\n<p><strong>Friedemann<\/strong>, getauft 11.\/21. 4. 1671 Lobenstein \u2013 begraben 18.\/28. 4. 1671 Lobenstein<\/p>\n\n\n\n<p><strong>vierter Sohn<\/strong>, 28.7.\/7.8.1672 Lobenstein, Totgeburt<\/p>\n\n\n\n<p><strong>Ehrenfried<\/strong>, 24. 9. \/ 4. 10. 1673 Lobenstein \u2013 3.\/13. 9. 1679 Leipzig<\/p>\n\n\n\n<p><strong>Guthmann<\/strong>, 13.\/23. 8. 1676 Lobenstein \u2013 13.\/23. 7. 1677 Leipzig<\/p>\n\n\n\n<p><strong>Heilmann<\/strong>, getauft 22. 1.\/1. 2.1679 Leipzig \u2013 n. Sept. 1698<br>1692 erstes Abendmahl<br>1697 in Leipzig, versucht eine Arbeitsanstellung zu finden<br>\u201cin der Fremde\u201d verschollen (1697)<br>letztes Lebenszeichen ein Brief von Heilmann an Justinus T\u00f6llner, erw\u00e4hnt von T\u00f6llner im Brief an Maria Margaretha Kirch (23. 8.\/2 .9. 1698)<\/p>\n\n\n\n<p><strong>Theodora<\/strong>, getauft 17.\/27. 4. 1683 Leipzig \u2013 19. 4. 1757<br>heiratet am 4. 4. 1709 Johann Georg Gading (gest. 1715), Kantor an der Garnisonskirche Berlin<br>3 T\u00f6chter: 1. N.N. (18.1.1710 \u2013 31. 3. 1714), 2. N.N. (4.6.1711), 3. N.N. (26. 7. 1712)<br>eine Tochter hie\u00df Christiana (gest. n. 1742), die andere Sophia (gest. 1758), welche der beiden die \u00e4ltere war, konnte bisher nicht entschieden werden<br>die letztere heratete am 26. 4. 1737 Michael Lange, Lehrer in Crossen und ab 1741 Pfarrer in R\u00e4dnitz (gest. um 1760), zwei T\u00f6chter: Johanna Christiana (1754\u20131782) und Sophia Dorothea (1742 o. 47\u20131790), die als Vollwaisen seit den 1760er Jahren bei Christina Kirch aufwuchsen (Quelle: Wettertagebuch der Christina Kirch), beide waren nacheinander mit Johann Elert Bode verheiratet (vgl. Friedhelm Schwemin: Der Berliner Astronom. Leben und Werk von Johann Elert Bode (1747\u20131826), Frankfurt am Main 2006)<\/p>\n\n\n\n<p>Maria Lang stirbt am 20.\/30. 6. 1690 nach kurzer Krankheit<\/p>\n\n\n\n<h4 class=\"wp-block-heading\">Gottfried Kirch und&nbsp;<strong>Maria Margaretha Winckelmann<\/strong><\/h4>\n\n\n\n<p>Maria Margaretha Winckelmann war die  j\u00fcngste von drei T\u00f6chtern des seit 1657 in Panitzsch lebenden Pfarrers  Matthias Winckelmann (gest. 1682) und der aus Schleiz stammenden Maria  T\u00f6llner (gest. 1683, Tochter des Buch- und Tuchh\u00e4ndlers Johann T\u00f6llner).  Ihre Schwestern waren Sara Elisabeth (verheiratet mit dem Pfarrer  Justinus T\u00f6llner, Sohn des aus Gera stammenden Tobias T\u00f6llner) und Anna  Magdalena (verheiratet mit Heinrich T\u00f6llner, Bruder von Justinus). Die drei Schwestern hatten noch den Bruder Johann Friedrich, Handelsmann in Hamburg. Sie  wurde am 25. Februar (jul.) 1670 geboren und wuchs als Waise bei ihrer  Schwester Sara Elisabeth auf. Mehrere Aufs\u00e4tze besch\u00e4ftigen sich vor  allem mit ihr, siehe bei den Quellen Vignoles (1722), Schiebinger  (1987), Splett (2000), Mommertz (2002).  <\/p>\n\n\n\n<p>Heirat: 8.\/18. 5. 1692 in Panitzsch bei Leipzig<\/p>\n\n\n\n<p>Kinder:<\/p>\n\n\n\n<p><strong>Maria<\/strong>, getauft 12.\/22. 5. 1693 Guben \u2013 5.\/15. 8. 1697 Guben<\/p>\n\n\n\n<p><strong>Christfried<\/strong>, 14.\/24. 12. 1694 Guben \u2013 9. 3. 1740 Berlin<br> 1716 Astronom am Observatorium der Societ\u00e4t der Wissenschaften in Berlin<\/p>\n\n\n\n<p><strong>Christina<\/strong>, 14.\/24. 4. 1697 Guben \u2013 6. 5. 1782 Berlin<br>(nicht Christine, sondern Christina, Quelle: Wettertagebuch der Christina) <br>sie erzog die vollwaisen Enkelinnen ihrer Stief-Schwester Theodora<\/p>\n\n\n\n<p><strong>Sophia<\/strong>, getauft 28. 3.\/7. 4. 1699 Guben \u2013 26. 4.\/6. 5. 1699 Guben<\/p>\n\n\n\n<p><strong>Johanna<\/strong>, getauft 10.\/20.5.1700 Guben \u2013 20. 1. 1771 Berlin<br> heiratet am 25. 8. 1739 Georg Christian Adler, Prediger in Brandenburg<br> (dieser war in erster Ehe mit Sara Justina T\u00f6llner, Tochter von Justinus T\u00f6llner, verheiratet)<\/p>\n\n\n\n<p><strong>Margaretha<\/strong>, 24. 7. 1703 Berlin \u2013 nach Oktober 1759 Berlin<br>sie wird bis September 1759 im Wettertagebuch der Christina erw\u00e4hnt<\/p>\n","protected":false},"excerpt":{"rendered":"<p>Die entscheidenden Quellen f\u00fcr die hier genannten Namen und Zeiten sind die 2006 ver\u00f6ffentlichte Korrespondenz von Gottfried Kirch, die Kirchenb\u00fccher in Seubtendorf, Lobenstein, Leipzig, Guben und Berlin, die tagebuchartigen Eintr\u00e4ge von Gottfried Kirch in dem von ihm benutzten Ephemeridenwerk und in einem Schreibkalender f\u00fcr 1673 (diese Notizen sind ver\u00f6ffentlicht in Band 1.4 der Kalenderreihen) sowie&#8230;<\/p>\n","protected":false},"author":2,"featured_media":0,"parent":0,"menu_order":0,"comment_status":"closed","ping_status":"closed","template":"","meta":{"footnotes":""},"class_list":["post-54","page","type-page","status-publish","hentry"],"_links":{"self":[{"href":"https:\/\/gottfried-kirch-edition.de\/index.php?rest_route=\/wp\/v2\/pages\/54","targetHints":{"allow":["GET"]}}],"collection":[{"href":"https:\/\/gottfried-kirch-edition.de\/index.php?rest_route=\/wp\/v2\/pages"}],"about":[{"href":"https:\/\/gottfried-kirch-edition.de\/index.php?rest_route=\/wp\/v2\/types\/page"}],"author":[{"embeddable":true,"href":"https:\/\/gottfried-kirch-edition.de\/index.php?rest_route=\/wp\/v2\/users\/2"}],"replies":[{"embeddable":true,"href":"https:\/\/gottfried-kirch-edition.de\/index.php?rest_route=%2Fwp%2Fv2%2Fcomments&post=54"}],"version-history":[{"count":32,"href":"https:\/\/gottfried-kirch-edition.de\/index.php?rest_route=\/wp\/v2\/pages\/54\/revisions"}],"predecessor-version":[{"id":486,"href":"https:\/\/gottfried-kirch-edition.de\/index.php?rest_route=\/wp\/v2\/pages\/54\/revisions\/486"}],"wp:attachment":[{"href":"https:\/\/gottfried-kirch-edition.de\/index.php?rest_route=%2Fwp%2Fv2%2Fmedia&parent=54"}],"curies":[{"name":"wp","href":"https:\/\/api.w.org\/{rel}","templated":true}]}}