{"id":34,"date":"2019-03-06T16:03:45","date_gmt":"2019-03-06T16:03:45","guid":{"rendered":"http:\/\/wp.gottfried-kirch-edition.de\/?page_id=34"},"modified":"2019-03-06T16:18:28","modified_gmt":"2019-03-06T16:18:28","slug":"impressum","status":"publish","type":"page","link":"https:\/\/gottfried-kirch-edition.de\/?page_id=34","title":{"rendered":"Impressum"},"content":{"rendered":"\n<h4 class=\"wp-block-heading\">Verantwortlich f\u00fcr die Inhalte dieser Seite:<\/h4>\n\n\n\n<p>Dr. Klaus-Dieter Herbst<br>Br\u00e4ndstr\u00f6mstra\u00dfe 17<br>D-07749 Jena<\/p>\n\n\n\n<p><a href=\"mailto:klaus-dieter-herbst@t-online.de\">klaus-dieter-herbst@t-online.de<\/a><\/p>\n\n\n\n<p>Alle Bilder, Texte und sonstigen Inhalte der aufgef\u00fchrten Seiten \nd\u00fcrfen nur mit ausdr\u00fccklicher Genehmigung durch den Eigent\u00fcmer dieser \nSeite weiter verwendet werden.<br>\nDer Eigent\u00fcmer dieser Seite ist nicht f\u00fcr die Inhalte verlinkter Seiten \nverantwortlich und distanziert sich von diesen, falls sie \nverfassungsfeindlich oder menschenunw\u00fcrdig sein sollten. Wenn Sie einem \nLink folgen und auf eine solche Seite gelangen, werden Sie gebeten,&nbsp;dies\n dem Eigent\u00fcmer dieser Seite mitzuteilen.<\/p>\n","protected":false},"excerpt":{"rendered":"<p>Verantwortlich f\u00fcr die Inhalte dieser Seite: Dr. Klaus-Dieter HerbstBr\u00e4ndstr\u00f6mstra\u00dfe 17D-07749 Jena klaus-dieter-herbst@t-online.de Alle Bilder, Texte und sonstigen Inhalte der aufgef\u00fchrten Seiten d\u00fcrfen nur mit ausdr\u00fccklicher Genehmigung durch den Eigent\u00fcmer dieser Seite weiter verwendet werden. Der Eigent\u00fcmer dieser Seite ist nicht f\u00fcr die Inhalte verlinkter Seiten verantwortlich und distanziert sich von diesen, falls sie verfassungsfeindlich oder&#8230;<\/p>\n","protected":false},"author":2,"featured_media":0,"parent":0,"menu_order":0,"comment_status":"closed","ping_status":"closed","template":"","meta":{"footnotes":""},"class_list":["post-34","page","type-page","status-publish","hentry"],"_links":{"self":[{"href":"https:\/\/gottfried-kirch-edition.de\/index.php?rest_route=\/wp\/v2\/pages\/34","targetHints":{"allow":["GET"]}}],"collection":[{"href":"https:\/\/gottfried-kirch-edition.de\/index.php?rest_route=\/wp\/v2\/pages"}],"about":[{"href":"https:\/\/gottfried-kirch-edition.de\/index.php?rest_route=\/wp\/v2\/types\/page"}],"author":[{"embeddable":true,"href":"https:\/\/gottfried-kirch-edition.de\/index.php?rest_route=\/wp\/v2\/users\/2"}],"replies":[{"embeddable":true,"href":"https:\/\/gottfried-kirch-edition.de\/index.php?rest_route=%2Fwp%2Fv2%2Fcomments&post=34"}],"version-history":[{"count":3,"href":"https:\/\/gottfried-kirch-edition.de\/index.php?rest_route=\/wp\/v2\/pages\/34\/revisions"}],"predecessor-version":[{"id":50,"href":"https:\/\/gottfried-kirch-edition.de\/index.php?rest_route=\/wp\/v2\/pages\/34\/revisions\/50"}],"wp:attachment":[{"href":"https:\/\/gottfried-kirch-edition.de\/index.php?rest_route=%2Fwp%2Fv2%2Fmedia&parent=34"}],"curies":[{"name":"wp","href":"https:\/\/api.w.org\/{rel}","templated":true}]}}