{"id":32,"date":"2019-03-06T16:02:49","date_gmt":"2019-03-06T16:02:49","guid":{"rendered":"http:\/\/wp.gottfried-kirch-edition.de\/?page_id=32"},"modified":"2019-03-06T16:16:40","modified_gmt":"2019-03-06T16:16:40","slug":"links","status":"publish","type":"page","link":"https:\/\/gottfried-kirch-edition.de\/?page_id=32","title":{"rendered":"Links"},"content":{"rendered":"\n<p>letzte \u00c4nderung am 16.11.2010<\/p>\n\n\n\n<p>Erhard-Weigel-Gesellschaft e. V., gegr\u00fcndet am 11. Dezember 2003 in  Jena mit dem Ziel, die Erforschung der Gelehrtenrepublik der Fr\u00fchen  Neuzeit unter besonderer Bezugnahme auf Leben und Werk von Erhard Weigel  zu f\u00f6rdern.<br> <a href=\"http:\/\/www.erhard-weigel-gesellschaft.de\/\">http:\/\/www.erhard-weigel-gesellschaft.de<\/a><\/p>\n\n\n\n<p>Arbeitskreis Astronomiegeschichte in der Astronomischen Gesellschaft<br>\n<a href=\"http:\/\/www.astro.uni-bonn.de\/~pbrosche\/astoria.html\" target=\"_blank\" rel=\"noreferrer noopener\">http:\/\/www.astro.uni-bonn.de\/~pbrosche\/astoria.html&nbsp;<\/a><\/p>\n\n\n\n<p>Schriftenreihe \ufffdActa Historica Astronomiae\ufffd, herausgegeben von J\u00fcrgen\n Hamel und Wolfgang R. Dick im Auftrag des Arbeitskreises \nAstronomiegeschichte<br>\n<a href=\"http:\/\/www.astrohist.org\/aa\/acta\/\" target=\"_blank\" rel=\"noreferrer noopener\">http:\/\/www.astrohist.org\/aa\/acta\/&nbsp;<\/a><\/p>\n\n\n\n<p>Verbundinformationssystem f\u00fcr Nachl\u00e4sse und Autographen in Deutschland<br>\n<a href=\"http:\/\/www.kalliope-portal.de\/\" target=\"_blank\" rel=\"noreferrer noopener\">http:\/\/www.kalliope-portal.de&nbsp;<\/a><\/p>\n\n\n\n<p>europ\u00e4isches Netzwerk f\u00fcr Handschriften und Briefe<br>\n<a href=\"http:\/\/www.malvine.org\/\" target=\"_blank\" rel=\"noreferrer noopener\">http:\/\/www.malvine.org&nbsp;<\/a><\/p>\n\n\n\n<p>Galileo-Projekt der Rice-Universit\u00e4t mit Angaben \u00fcber Gelehrte der Fr\u00fchen Neuzeit<br>\n<a href=\"http:\/\/galileo.rice.edu\/\" target=\"_blank\" rel=\"noreferrer noopener\">http:\/\/galileo.rice.edu&nbsp;<\/a><\/p>\n\n\n\n<p>Hilfsmittel zur Akademie-Ausgabe der Leibniz-Edition, unter anderem ein kumuliertes Personenverzeichnis<br>\n<a href=\"http:\/\/www.leibniz-edition.de\/Hilfsmittel\/\">http:\/\/www.leibniz-edition.de\/Hilfsmittel\/<\/a><\/p>\n\n\n\n<p>Bibliographie der Briefforschung, erstellt vom Institut f\u00fcr Textforschung Heidelberg<br> <a href=\"http:\/\/www.textkritik.de\/briefkasten\/forschungsbibl_a_f.htm\">http:\/\/www.textkritik.de\/briefkasten\/forschungsbibl_a_f.htm<\/a><\/p>\n","protected":false},"excerpt":{"rendered":"<p>letzte \u00c4nderung am 16.11.2010 Erhard-Weigel-Gesellschaft e. V., gegr\u00fcndet am 11. Dezember 2003 in Jena mit dem Ziel, die Erforschung der Gelehrtenrepublik der Fr\u00fchen Neuzeit unter besonderer Bezugnahme auf Leben und Werk von Erhard Weigel zu f\u00f6rdern. http:\/\/www.erhard-weigel-gesellschaft.de Arbeitskreis Astronomiegeschichte in der Astronomischen Gesellschaft http:\/\/www.astro.uni-bonn.de\/~pbrosche\/astoria.html&nbsp; Schriftenreihe \ufffdActa Historica Astronomiae\ufffd, herausgegeben von J\u00fcrgen Hamel und Wolfgang R&#8230;.<\/p>\n","protected":false},"author":2,"featured_media":0,"parent":0,"menu_order":0,"comment_status":"closed","ping_status":"closed","template":"","meta":{"footnotes":""},"class_list":["post-32","page","type-page","status-publish","hentry"],"_links":{"self":[{"href":"https:\/\/gottfried-kirch-edition.de\/index.php?rest_route=\/wp\/v2\/pages\/32","targetHints":{"allow":["GET"]}}],"collection":[{"href":"https:\/\/gottfried-kirch-edition.de\/index.php?rest_route=\/wp\/v2\/pages"}],"about":[{"href":"https:\/\/gottfried-kirch-edition.de\/index.php?rest_route=\/wp\/v2\/types\/page"}],"author":[{"embeddable":true,"href":"https:\/\/gottfried-kirch-edition.de\/index.php?rest_route=\/wp\/v2\/users\/2"}],"replies":[{"embeddable":true,"href":"https:\/\/gottfried-kirch-edition.de\/index.php?rest_route=%2Fwp%2Fv2%2Fcomments&post=32"}],"version-history":[{"count":3,"href":"https:\/\/gottfried-kirch-edition.de\/index.php?rest_route=\/wp\/v2\/pages\/32\/revisions"}],"predecessor-version":[{"id":49,"href":"https:\/\/gottfried-kirch-edition.de\/index.php?rest_route=\/wp\/v2\/pages\/32\/revisions\/49"}],"wp:attachment":[{"href":"https:\/\/gottfried-kirch-edition.de\/index.php?rest_route=%2Fwp%2Fv2%2Fmedia&parent=32"}],"curies":[{"name":"wp","href":"https:\/\/api.w.org\/{rel}","templated":true}]}}