{"id":26,"date":"2019-03-06T15:57:05","date_gmt":"2019-03-06T15:57:05","guid":{"rendered":"http:\/\/wp.gottfried-kirch-edition.de\/?page_id=26"},"modified":"2019-03-06T15:57:05","modified_gmt":"2019-03-06T15:57:05","slug":"bibliographie","status":"publish","type":"page","link":"https:\/\/gottfried-kirch-edition.de\/?page_id=26","title":{"rendered":"Bibliographie"},"content":{"rendered":"\n<h4 class=\"wp-block-heading\">DRUCKSCHRIFTEN<\/h4>\n\n\n\n<p>B\u00fccher<br>\nEphemeriden<br>\nEphemeridenbeitr\u00e4ge<br>\nKleine Druckschriften<br>\nZeitschriftenbeitr\u00e4ge<br>\nKalender<br>\nKalenderbeitr\u00e4ge<\/p>\n\n\n\n<h4 class=\"wp-block-heading\">HANDSCHRIFTEN<\/h4>\n\n\n\n<p>Beobachtungsjournal (BO Paris)<br>\nBeobachtungsjournal (BBAW Berlin)<br>\nBriefe (siehe bei Edition, Korrespondenz)<\/p>\n","protected":false},"excerpt":{"rendered":"<p>DRUCKSCHRIFTEN B\u00fccher Ephemeriden Ephemeridenbeitr\u00e4ge Kleine Druckschriften Zeitschriftenbeitr\u00e4ge Kalender Kalenderbeitr\u00e4ge HANDSCHRIFTEN Beobachtungsjournal (BO Paris) Beobachtungsjournal (BBAW Berlin) Briefe (siehe bei Edition, Korrespondenz)<\/p>\n","protected":false},"author":2,"featured_media":0,"parent":0,"menu_order":0,"comment_status":"closed","ping_status":"closed","template":"","meta":{"footnotes":""},"class_list":["post-26","page","type-page","status-publish","hentry"],"_links":{"self":[{"href":"https:\/\/gottfried-kirch-edition.de\/index.php?rest_route=\/wp\/v2\/pages\/26","targetHints":{"allow":["GET"]}}],"collection":[{"href":"https:\/\/gottfried-kirch-edition.de\/index.php?rest_route=\/wp\/v2\/pages"}],"about":[{"href":"https:\/\/gottfried-kirch-edition.de\/index.php?rest_route=\/wp\/v2\/types\/page"}],"author":[{"embeddable":true,"href":"https:\/\/gottfried-kirch-edition.de\/index.php?rest_route=\/wp\/v2\/users\/2"}],"replies":[{"embeddable":true,"href":"https:\/\/gottfried-kirch-edition.de\/index.php?rest_route=%2Fwp%2Fv2%2Fcomments&post=26"}],"version-history":[{"count":1,"href":"https:\/\/gottfried-kirch-edition.de\/index.php?rest_route=\/wp\/v2\/pages\/26\/revisions"}],"predecessor-version":[{"id":27,"href":"https:\/\/gottfried-kirch-edition.de\/index.php?rest_route=\/wp\/v2\/pages\/26\/revisions\/27"}],"wp:attachment":[{"href":"https:\/\/gottfried-kirch-edition.de\/index.php?rest_route=%2Fwp%2Fv2%2Fmedia&parent=26"}],"curies":[{"name":"wp","href":"https:\/\/api.w.org\/{rel}","templated":true}]}}